{"id":9,"date":"2024-05-28T11:30:40","date_gmt":"2024-05-28T10:30:40","guid":{"rendered":"https:\/\/loteriasabadell3.com\/?page_id=9"},"modified":"2024-05-29T13:31:57","modified_gmt":"2024-05-29T12:31:57","slug":"inicio","status":"publish","type":"page","link":"https:\/\/loteriasabadell3.com\/en\/","title":{"rendered":"Home"},"content":{"rendered":"<div class=\"wp-block-cover alignfull has-ast-global-color-8-color has-text-color has-link-color wp-elements-18b19fc5c71c079001f63af966e5115f has-aspect-ratio\" style=\"min-height:720px;aspect-ratio:16\/9;min-height:unset;\"><span aria-hidden=\"true\" class=\"wp-block-cover__background has-background-dim-60 has-background-dim wp-block-cover__gradient-background has-background-gradient\" style=\"background:linear-gradient(35deg,rgb(12,117,178) 37%,rgb(55,45,195) 100%,rgb(130,4,255) 100%)\"><\/span><img loading=\"lazy\" decoding=\"async\" width=\"2000\" height=\"600\" class=\"wp-block-cover__image-background wp-image-34\" alt=\"\" src=\"http:\/\/loteriasabadell3.com\/wp-content\/uploads\/2024\/05\/banner7.png\" style=\"object-position:1% 96%\" data-object-fit=\"cover\" data-object-position=\"1% 96%\" srcset=\"https:\/\/loteriasabadell3.com\/wp-content\/uploads\/2024\/05\/banner7.png 2000w, https:\/\/loteriasabadell3.com\/wp-content\/uploads\/2024\/05\/banner7-300x90.png 300w, https:\/\/loteriasabadell3.com\/wp-content\/uploads\/2024\/05\/banner7-1024x307.png 1024w, https:\/\/loteriasabadell3.com\/wp-content\/uploads\/2024\/05\/banner7-768x230.png 768w, https:\/\/loteriasabadell3.com\/wp-content\/uploads\/2024\/05\/banner7-1536x461.png 1536w\" sizes=\"auto, (max-width: 2000px) 100vw, 2000px\" \/><div class=\"wp-block-cover__inner-container is-layout-flow wp-container-core-cover-is-layout-a77db08e wp-block-cover-is-layout-flow\">\n<div class=\"inherit-container-width wp-block-group alignwide is-layout-constrained wp-block-group-is-layout-constrained\">\n<div class=\"wp-block-media-text alignwide has-media-on-the-right is-stacked-on-mobile is-vertically-aligned-center\" style=\"grid-template-columns:auto 43%\"><div class=\"wp-block-media-text__content\">\n<h1 class=\"wp-block-heading has-text-align-left has-white-color has-text-color\">Lottery no. 3 Sabadell<\/h1>\n\n\n\n<p>Handing out fate to the neighbors of Sabadell since 1965<\/p>\n\n\n\n<div class=\"wp-block-buttons is-layout-flex wp-block-buttons-is-layout-flex\">\n<div class=\"wp-block-button\"><a class=\"wp-block-button__link wp-element-button\" href=\"#\">BOOK NOW<\/a><\/div>\n<\/div>\n<\/div><figure class=\"wp-block-media-text__media\"><img loading=\"lazy\" decoding=\"async\" width=\"1024\" height=\"1024\" src=\"http:\/\/loteriasabadell3.com\/wp-content\/uploads\/2024\/05\/One-of-a-kind.png\" alt=\"\" class=\"wp-image-44 size-full\" srcset=\"https:\/\/loteriasabadell3.com\/wp-content\/uploads\/2024\/05\/One-of-a-kind.png 1024w, https:\/\/loteriasabadell3.com\/wp-content\/uploads\/2024\/05\/One-of-a-kind-300x300.png 300w, https:\/\/loteriasabadell3.com\/wp-content\/uploads\/2024\/05\/One-of-a-kind-150x150.png 150w, https:\/\/loteriasabadell3.com\/wp-content\/uploads\/2024\/05\/One-of-a-kind-768x768.png 768w\" sizes=\"auto, (max-width: 1024px) 100vw, 1024px\" \/><\/figure><\/div>\n<\/div>\n<\/div><\/div>\n\n\n\n<div class=\"wp-block-group alignfull has-ast-global-color-5-background-color has-background is-layout-constrained wp-container-core-group-is-layout-9cedb757 wp-block-group-is-layout-constrained\" style=\"padding-bottom:0px\">\n<div class=\"wp-block-columns are-vertically-aligned-top is-layout-flex wp-container-core-columns-is-layout-00723822 wp-block-columns-is-layout-flex\">\n<div class=\"wp-block-column is-vertically-aligned-top is-layout-flow wp-container-core-column-is-layout-6b73ce23 wp-block-column-is-layout-flow\">\n<figure class=\"wp-block-image size-large\"><img decoding=\"async\" src=\"https:\/\/loteriasabadell3.com\/wp-content\/themes\/astra\/inc\/assets\/images\/starter-content\/building.svg\" alt=\"\" class=\"wp-image-134\"\/><\/figure>\n\n\n\n<h3 class=\"wp-block-heading has-text-align-left\" style=\"margin-top:16px\">Via Massagu\u00e9 <\/h3>\n\n\n\n<p class=\"has-text-align-left\">Come to our store in Sabadell and I will gladly answer them.<\/p>\n<\/div>\n\n\n\n<div class=\"wp-block-column is-vertically-aligned-top is-layout-flow wp-container-core-column-is-layout-6b73ce23 wp-block-column-is-layout-flow\">\n<figure class=\"wp-block-image size-large\"><a href=\"https:\/\/www.loteria3.es\/decimos\"><img decoding=\"async\" src=\"https:\/\/loteriasabadell3.com\/wp-content\/themes\/astra\/inc\/assets\/images\/starter-content\/shopping-bag.svg\" alt=\"\" class=\"wp-image-135\"\/><\/a><\/figure>\n\n\n\n<h3 class=\"wp-block-heading has-text-align-left\" style=\"margin-top:16px\">Purchase online<\/h3>\n\n\n\n<p class=\"has-text-align-left\">Purchase online through our web service and book your tenths.<\/p>\n<\/div>\n\n\n\n<div class=\"wp-block-column is-vertically-aligned-top is-layout-flow wp-container-core-column-is-layout-6b73ce23 wp-block-column-is-layout-flow\">\n<figure class=\"wp-block-image size-large\"><img decoding=\"async\" src=\"https:\/\/loteriasabadell3.com\/wp-content\/themes\/astra\/inc\/assets\/images\/starter-content\/blog.svg\" alt=\"\" class=\"wp-image-136\"\/><\/figure>\n\n\n\n<h3 class=\"wp-block-heading has-text-align-left\" style=\"margin-top:16px\">Reviews<\/h3>\n\n\n\n<p class=\"has-text-align-left\">If you&#039;ve conquered with our service, leave a review.<\/p>\n<\/div>\n\n\n\n<div class=\"wp-block-column is-vertically-aligned-top is-layout-flow wp-container-core-column-is-layout-6b73ce23 wp-block-column-is-layout-flow\">\n<figure class=\"wp-block-image size-large\"><img decoding=\"async\" src=\"https:\/\/loteriasabadell3.com\/wp-content\/themes\/astra\/inc\/assets\/images\/starter-content\/portfolio.svg\" alt=\"\" class=\"wp-image-137\"\/><\/figure>\n\n\n\n<h3 class=\"wp-block-heading has-text-align-left\" style=\"margin-top:16px\">Excellence<\/h3>\n\n\n\n<p class=\"has-text-align-left\">We are a leading company thanks to our commitment to excellence.<\/p>\n<\/div>\n<\/div>\n<\/div>\n\n\n\n<div class=\"wp-block-group alignfull is-layout-constrained wp-container-core-group-is-layout-45b0ac4f wp-block-group-is-layout-constrained\" id=\"services\" style=\"padding-top:144px;padding-bottom:0px\">\n<h2 class=\"wp-block-heading\">Lottery services<\/h2>\n\n\n\n<div class=\"wp-block-columns is-layout-flex wp-container-core-columns-is-layout-60cbf9bb wp-block-columns-is-layout-flex\" style=\"margin-top:50px\">\n<div class=\"wp-block-column is-layout-flow wp-container-core-column-is-layout-6b73ce23 wp-block-column-is-layout-flow\">\n<figure class=\"wp-block-image size-full\"><a href=\"https:\/\/www.loteria3.es\/reservas\/empresas\"><img loading=\"lazy\" decoding=\"async\" width=\"1280\" height=\"720\" src=\"http:\/\/loteriasabadell3.com\/wp-content\/uploads\/2024\/05\/Empresas2018_baja.jpg\" alt=\"Loteria para empresas\" class=\"wp-image-39\" srcset=\"https:\/\/loteriasabadell3.com\/wp-content\/uploads\/2024\/05\/Empresas2018_baja.jpg 1280w, https:\/\/loteriasabadell3.com\/wp-content\/uploads\/2024\/05\/Empresas2018_baja-300x169.jpg 300w, https:\/\/loteriasabadell3.com\/wp-content\/uploads\/2024\/05\/Empresas2018_baja-1024x576.jpg 1024w, https:\/\/loteriasabadell3.com\/wp-content\/uploads\/2024\/05\/Empresas2018_baja-768x432.jpg 768w\" sizes=\"auto, (max-width: 1280px) 100vw, 1280px\" \/><\/a><\/figure>\n\n\n\n<h3 class=\"wp-block-heading\" style=\"margin-top:16px\">Lottery company<\/h3>\n\n\n\n<p>Our service for business is ideal if you want to easily manage the christmas lottery of your company on the internet.<\/p>\n<\/div>\n\n\n\n<div class=\"wp-block-column is-layout-flow wp-container-core-column-is-layout-6b73ce23 wp-block-column-is-layout-flow\">\n<figure class=\"wp-block-image size-full\"><a href=\"https:\/\/www.loteria3.es\/participaciones-loteria\/\"><img loading=\"lazy\" decoding=\"async\" width=\"480\" height=\"270\" src=\"http:\/\/loteriasabadell3.com\/wp-content\/uploads\/2024\/05\/Asociaciones2018_baja.jpg\" alt=\"Participaciones de loteria\" class=\"wp-image-42\"\/><\/a><\/figure>\n\n\n\n<h3 class=\"wp-block-heading\" style=\"margin-top:16px\">Shares<\/h3>\n\n\n\n<p>If you have an association of social we will help you navigate the process to make shares of lottery.<\/p>\n<\/div>\n\n\n\n<div class=\"wp-block-column is-layout-flow wp-container-core-column-is-layout-6b73ce23 wp-block-column-is-layout-flow\">\n<figure class=\"wp-block-image size-full\"><img loading=\"lazy\" decoding=\"async\" width=\"1344\" height=\"768\" src=\"http:\/\/loteriasabadell3.com\/wp-content\/uploads\/2024\/05\/pixlr-image-generator-3f40aac8-d94e-4560-addb-1a0dfaeacdc5.png\" alt=\"\" class=\"wp-image-43\" srcset=\"https:\/\/loteriasabadell3.com\/wp-content\/uploads\/2024\/05\/pixlr-image-generator-3f40aac8-d94e-4560-addb-1a0dfaeacdc5.png 1344w, https:\/\/loteriasabadell3.com\/wp-content\/uploads\/2024\/05\/pixlr-image-generator-3f40aac8-d94e-4560-addb-1a0dfaeacdc5-300x171.png 300w, https:\/\/loteriasabadell3.com\/wp-content\/uploads\/2024\/05\/pixlr-image-generator-3f40aac8-d94e-4560-addb-1a0dfaeacdc5-1024x585.png 1024w, https:\/\/loteriasabadell3.com\/wp-content\/uploads\/2024\/05\/pixlr-image-generator-3f40aac8-d94e-4560-addb-1a0dfaeacdc5-768x439.png 768w\" sizes=\"auto, (max-width: 1344px) 100vw, 1344px\" \/><\/figure>\n\n\n\n<h3 class=\"wp-block-heading\" style=\"margin-top:16px\">Supporters clubs and groups<\/h3>\n\n\n\n<p>If you want to create a rock Primitive, of the Community or of the Euromill\u00f3n you are in the right place for it.<\/p>\n<\/div>\n<\/div>\n<\/div>\n\n\n\n<div class=\"wp-block-group alignfull has-ast-global-color-5-background-color has-background is-layout-constrained wp-container-core-group-is-layout-94d206d0 wp-block-group-is-layout-constrained\" id=\"about\" style=\"padding-top:143px;padding-bottom:144px\">\n<div class=\"wp-block-media-text has-media-on-the-right is-stacked-on-mobile is-vertically-aligned-center\"><div class=\"wp-block-media-text__content\">\n<div class=\"inherit-container-width wp-block-group is-layout-constrained wp-container-core-group-is-layout-47ce07ec wp-block-group-is-layout-constrained\" style=\"padding-right:80px\">\n<h2 class=\"wp-block-heading\" style=\"padding-right:40px\">Each year we provide hundreds of awards<\/h2>\n\n\n\n<p>Our lottery administration is particularly noteworthy for being the most fortunate of Sabadell.<\/p>\n\n\n\n<p>Since our foundation in 1965, we have been characterized by handing out big prizes in the sweepstakes of Christmas, as the Jackpot, multi-4th awards and the 5th prize. <\/p>\n<\/div>\n<\/div><figure class=\"wp-block-media-text__media\"><img loading=\"lazy\" decoding=\"async\" width=\"800\" height=\"566\" src=\"http:\/\/loteriasabadell3.com\/wp-content\/uploads\/2024\/05\/Cartel_5P.jpg\" alt=\"Premio gordo navidad\" class=\"wp-image-32 size-full\" srcset=\"https:\/\/loteriasabadell3.com\/wp-content\/uploads\/2024\/05\/Cartel_5P.jpg 800w, https:\/\/loteriasabadell3.com\/wp-content\/uploads\/2024\/05\/Cartel_5P-300x212.jpg 300w, https:\/\/loteriasabadell3.com\/wp-content\/uploads\/2024\/05\/Cartel_5P-768x543.jpg 768w\" sizes=\"auto, (max-width: 800px) 100vw, 800px\" \/><\/figure><\/div>\n<\/div>\n\n\n\n<div class=\"wp-block-group alignfull has-ast-global-color-4-background-color has-background is-layout-constrained wp-container-core-group-is-layout-6a2cfb7b wp-block-group-is-layout-constrained\" id=\"reviews\">\n<figure class=\"wp-block-image aligncenter size-full\"><img decoding=\"async\" src=\"https:\/\/loteriasabadell3.com\/wp-content\/themes\/astra\/inc\/assets\/images\/starter-content\/avatar.png\" alt=\"\" class=\"wp-image-235\"\/><\/figure>\n\n\n\n<p class=\"has-text-align-center\" style=\"font-size:22px;line-height:1.6\">\u201cThere is No greater gift than the smile lit someone on receiving an award, it is an honour to be a part of that happiness and to share this unique moment.\u201d<\/p>\n\n\n\n<p class=\"has-text-align-center\"><strong>Esteve Barrull<\/strong><\/p>\n<\/div>\n\n\n\n<div class=\"wp-block-group alignfull is-layout-constrained wp-container-core-group-is-layout-3fee123f wp-block-group-is-layout-constrained\" id=\"whyus\" style=\"padding-top:144px;padding-bottom:144px\">\n<h2 class=\"wp-block-heading\">Why us<\/h2>\n\n\n\n<div class=\"wp-block-columns is-layout-flex wp-container-core-columns-is-layout-29aadeec wp-block-columns-is-layout-flex\" style=\"margin-top:60px\">\n<div class=\"wp-block-column is-layout-flow wp-container-core-column-is-layout-6b73ce23 wp-block-column-is-layout-flow\">\n<figure class=\"wp-block-image size-large\"><img decoding=\"async\" src=\"https:\/\/loteriasabadell3.com\/wp-content\/themes\/astra\/inc\/assets\/images\/starter-content\/passionate.svg\" alt=\"\" class=\"wp-image-162\"\/><\/figure>\n\n\n\n<h3 class=\"wp-block-heading\" style=\"margin-top:16px\">Passion<\/h3>\n\n\n\n<p>We live our passionate profession because they deliver the prizes of the lottery is an immense joy that we enjoy every day. <\/p>\n<\/div>\n\n\n\n<div class=\"wp-block-column is-layout-flow wp-container-core-column-is-layout-6b73ce23 wp-block-column-is-layout-flow\">\n<figure class=\"wp-block-image size-large\"><img decoding=\"async\" src=\"https:\/\/loteriasabadell3.com\/wp-content\/themes\/astra\/inc\/assets\/images\/starter-content\/professional.svg\" alt=\"\" class=\"wp-image-163\"\/><\/figure>\n\n\n\n<h3 class=\"wp-block-heading\" style=\"margin-top:16px\">Professionalism<\/h3>\n\n\n\n<p>Our team is specially trained in the professional services care companies, and associations. <\/p>\n<\/div>\n\n\n\n<div class=\"wp-block-column is-layout-flow wp-container-core-column-is-layout-6b73ce23 wp-block-column-is-layout-flow\">\n<figure class=\"wp-block-image size-large\"><img decoding=\"async\" src=\"https:\/\/loteriasabadell3.com\/wp-content\/themes\/astra\/inc\/assets\/images\/starter-content\/support.svg\" alt=\"\" class=\"wp-image-164\"\/><\/figure>\n\n\n\n<h3 class=\"wp-block-heading\" style=\"margin-top:16px\">Help<\/h3>\n\n\n\n<p>If you need help to make a lottery of a company or shares of an entity, you can always count on us.<\/p>\n<\/div>\n<\/div>\n<\/div>\n\n\n\n<div class=\"wp-block-group alignfull has-background is-layout-constrained wp-container-core-group-is-layout-cfcca693 wp-block-group-is-layout-constrained\" id=\"contact\" style=\"background:linear-gradient(35deg,rgb(6,0,151) 0%,rgb(130,4,255) 64%,rgb(193,15,255) 98%);padding-top:104px;padding-bottom:104px;background-image:url(&apos;http:\/\/loteriasabadell3.com\/wp-content\/uploads\/2024\/05\/banner7.png&apos;);background-size:cover;\">\n<h2 class=\"wp-block-heading has-text-align-center has-ast-global-color-8-color has-text-color\">The lottery <br>Sabadell<\/h2>\n\n\n\n<div class=\"wp-block-buttons alignwide is-horizontal is-content-justification-center is-layout-flex wp-container-core-buttons-is-layout-bba8380a wp-block-buttons-is-layout-flex\" style=\"margin-top:50px\">\n<div class=\"wp-block-button\"><a class=\"wp-block-button__link wp-element-button\" href=\"https:\/\/www.loteria3.es\/reservas\/novedades\">BOOK YOUR LOTTERY<\/a><\/div>\n<\/div>\n<\/div>","protected":false},"excerpt":{"rendered":"<p>Via Massagu\u00e9 Ven a nuestra tienda de Sabadell y te atenderemos con mucho gusto. Compra online Compra online a trav\u00e9s [&hellip;]<\/p>","protected":false},"author":2,"featured_media":0,"parent":0,"menu_order":0,"comment_status":"closed","ping_status":"closed","template":"","meta":{"site-sidebar-layout":"no-sidebar","site-content-layout":"plain-container","ast-site-content-layout":"","site-content-style":"default","site-sidebar-style":"default","ast-global-header-display":"","ast-banner-title-visibility":"","ast-main-header-display":"","ast-hfb-above-header-display":"","ast-hfb-below-header-display":"","ast-hfb-mobile-header-display":"","site-post-title":"disabled","ast-breadcrumbs-content":"","ast-featured-img":"","footer-sml-layout":"","theme-transparent-header-meta":"enabled","adv-header-id-meta":"","stick-header-meta":"","header-above-stick-meta":"","header-main-stick-meta":"","header-below-stick-meta":"","astra-migrate-meta-layouts":"default","ast-page-background-enabled":"default","ast-page-background-meta":{"desktop":{"background-color":"var(--ast-global-color-4)","background-image":"","background-repeat":"repeat","background-position":"center center","background-size":"auto","background-attachment":"scroll","background-type":"","background-media":"","overlay-type":"","overlay-color":"","overlay-opacity":"","overlay-gradient":""},"tablet":{"background-color":"","background-image":"","background-repeat":"repeat","background-position":"center center","background-size":"auto","background-attachment":"scroll","background-type":"","background-media":"","overlay-type":"","overlay-color":"","overlay-opacity":"","overlay-gradient":""},"mobile":{"background-color":"","background-image":"","background-repeat":"repeat","background-position":"center center","background-size":"auto","background-attachment":"scroll","background-type":"","background-media":"","overlay-type":"","overlay-color":"","overlay-opacity":"","overlay-gradient":""}},"ast-content-background-meta":{"desktop":{"background-color":"var(--ast-global-color-5)","background-image":"","background-repeat":"repeat","background-position":"center center","background-size":"auto","background-attachment":"scroll","background-type":"","background-media":"","overlay-type":"","overlay-color":"","overlay-opacity":"","overlay-gradient":""},"tablet":{"background-color":"var(--ast-global-color-5)","background-image":"","background-repeat":"repeat","background-position":"center center","background-size":"auto","background-attachment":"scroll","background-type":"","background-media":"","overlay-type":"","overlay-color":"","overlay-opacity":"","overlay-gradient":""},"mobile":{"background-color":"var(--ast-global-color-5)","background-image":"","background-repeat":"repeat","background-position":"center center","background-size":"auto","background-attachment":"scroll","background-type":"","background-media":"","overlay-type":"","overlay-color":"","overlay-opacity":"","overlay-gradient":""}},"footnotes":""},"class_list":["post-9","page","type-page","status-publish","hentry"],"yoast_head":"<!-- This site is optimized with the Yoast SEO plugin v22.8 - https:\/\/yoast.com\/wordpress\/plugins\/seo\/ -->\r\n<title>Administraci\u00f3n - Loter\u00eda Sabadell n\u00ba 3<\/title>\r\n<meta name=\"description\" content=\"Administraci\u00f3n de Loter\u00eda de Sabadell especializada en la loter\u00eda de Navidad para empresas y asociaciones de Sabadell.\" \/>\r\n<meta name=\"robots\" content=\"index, follow, max-snippet:-1, max-image-preview:large, max-video-preview:-1\" \/>\r\n<link rel=\"canonical\" href=\"https:\/\/loteriasabadell3.com\/en\/\" \/>\r\n<meta property=\"og:locale\" content=\"en_US\" \/>\r\n<meta property=\"og:type\" content=\"article\" \/>\r\n<meta property=\"og:title\" content=\"Administraci\u00f3n - Loter\u00eda Sabadell n\u00ba 3\" \/>\r\n<meta property=\"og:description\" content=\"Administraci\u00f3n de Loter\u00eda de Sabadell especializada en la loter\u00eda de Navidad para empresas y asociaciones de Sabadell.\" \/>\r\n<meta property=\"og:url\" content=\"https:\/\/loteriasabadell3.com\/en\/\" \/>\r\n<meta property=\"og:site_name\" content=\"Loter\u00eda Sabadell n\u00ba 3\" \/>\r\n<meta property=\"article:modified_time\" content=\"2024-05-29T12:31:57+00:00\" \/>\r\n<meta property=\"og:image\" content=\"http:\/\/loteriasabadell3.com\/wp-content\/uploads\/2024\/05\/banner7.png\" \/>\r\n<meta name=\"twitter:card\" content=\"summary_large_image\" \/>\r\n<meta name=\"twitter:label1\" content=\"Est. reading time\" \/>\n\t<meta name=\"twitter:data1\" content=\"5 minutes\" \/>\r\n<script type=\"application\/ld+json\" class=\"yoast-schema-graph\">{\"@context\":\"https:\/\/schema.org\",\"@graph\":[{\"@type\":\"WebPage\",\"@id\":\"https:\/\/loteriasabadell3.com\/\",\"url\":\"https:\/\/loteriasabadell3.com\",\"name\":\"Administraci\u00f3n - Loter\u00eda Sabadell n\u00ba 3\",\"isPartOf\":{\"@id\":\"https:\/\/loteriasabadell3.com\/#website\"},\"primaryImageOfPage\":{\"@id\":\"https:\/\/loteriasabadell3.com#primaryimage\"},\"image\":{\"@id\":\"https:\/\/loteriasabadell3.com#primaryimage\"},\"thumbnailUrl\":\"http:\/\/loteriasabadell3.com\/wp-content\/uploads\/2024\/05\/banner7.png\",\"datePublished\":\"2024-05-28T10:30:40+00:00\",\"dateModified\":\"2024-05-29T12:31:57+00:00\",\"description\":\"Administraci\u00f3n de Loter\u00eda de Sabadell especializada en la loter\u00eda de Navidad para empresas y asociaciones de Sabadell.\",\"breadcrumb\":{\"@id\":\"https:\/\/loteriasabadell3.com#breadcrumb\"},\"inLanguage\":\"en-US\",\"potentialAction\":[{\"@type\":\"ReadAction\",\"target\":[\"https:\/\/loteriasabadell3.com\"]}]},{\"@type\":\"ImageObject\",\"inLanguage\":\"en-US\",\"@id\":\"https:\/\/loteriasabadell3.com#primaryimage\",\"url\":\"http:\/\/loteriasabadell3.com\/wp-content\/uploads\/2024\/05\/banner7.png\",\"contentUrl\":\"http:\/\/loteriasabadell3.com\/wp-content\/uploads\/2024\/05\/banner7.png\"},{\"@type\":\"BreadcrumbList\",\"@id\":\"https:\/\/loteriasabadell3.com#breadcrumb\",\"itemListElement\":[{\"@type\":\"ListItem\",\"position\":1,\"name\":\"Portada\",\"item\":\"https:\/\/loteriasabadell3.com\/\"},{\"@type\":\"ListItem\",\"position\":2,\"name\":\"Inicio\"}]},{\"@type\":\"WebSite\",\"@id\":\"https:\/\/loteriasabadell3.com\/#website\",\"url\":\"https:\/\/loteriasabadell3.com\/\",\"name\":\"Loter\u00eda Sabadell n\u00ba 3\",\"description\":\"Administraci\u00f3n de Loter\u00edas n\u00ba 3 de Sabadell\",\"publisher\":{\"@id\":\"https:\/\/loteriasabadell3.com\/#organization\"},\"potentialAction\":[{\"@type\":\"SearchAction\",\"target\":{\"@type\":\"EntryPoint\",\"urlTemplate\":\"https:\/\/loteriasabadell3.com\/?s={search_term_string}\"},\"query-input\":\"required name=search_term_string\"}],\"inLanguage\":\"en-US\"},{\"@type\":\"Organization\",\"@id\":\"https:\/\/loteriasabadell3.com\/#organization\",\"name\":\"Loter\u00eda Sabadell n\u00ba 3\",\"url\":\"https:\/\/loteriasabadell3.com\/\",\"logo\":{\"@type\":\"ImageObject\",\"inLanguage\":\"en-US\",\"@id\":\"https:\/\/loteriasabadell3.com\/#\/schema\/logo\/image\/\",\"url\":\"https:\/\/loteriasabadell3.com\/wp-content\/uploads\/2024\/05\/logo_loto_blanc.png\",\"contentUrl\":\"https:\/\/loteriasabadell3.com\/wp-content\/uploads\/2024\/05\/logo_loto_blanc.png\",\"width\":403,\"height\":118,\"caption\":\"Loter\u00eda Sabadell n\u00ba 3\"},\"image\":{\"@id\":\"https:\/\/loteriasabadell3.com\/#\/schema\/logo\/image\/\"}}]}<\/script>\r\n<!-- \/ Yoast SEO plugin. -->","yoast_head_json":{"title":"Administraci\u00f3n - Loter\u00eda Sabadell n\u00ba 3","description":"Administraci\u00f3n de Loter\u00eda de Sabadell especializada en la loter\u00eda de Navidad para empresas y asociaciones de Sabadell.","robots":{"index":"index","follow":"follow","max-snippet":"max-snippet:-1","max-image-preview":"max-image-preview:large","max-video-preview":"max-video-preview:-1"},"canonical":"https:\/\/loteriasabadell3.com\/en\/","og_locale":"en_US","og_type":"article","og_title":"Administraci\u00f3n - Loter\u00eda Sabadell n\u00ba 3","og_description":"Administraci\u00f3n de Loter\u00eda de Sabadell especializada en la loter\u00eda de Navidad para empresas y asociaciones de Sabadell.","og_url":"https:\/\/loteriasabadell3.com\/en\/","og_site_name":"Loter\u00eda Sabadell n\u00ba 3","article_modified_time":"2024-05-29T12:31:57+00:00","og_image":[{"url":"http:\/\/loteriasabadell3.com\/wp-content\/uploads\/2024\/05\/banner7.png"}],"twitter_card":"summary_large_image","twitter_misc":{"Est. reading time":"5 minutes"},"schema":{"@context":"https:\/\/schema.org","@graph":[{"@type":"WebPage","@id":"https:\/\/loteriasabadell3.com\/","url":"https:\/\/loteriasabadell3.com","name":"Administraci\u00f3n - Loter\u00eda Sabadell n\u00ba 3","isPartOf":{"@id":"https:\/\/loteriasabadell3.com\/#website"},"primaryImageOfPage":{"@id":"https:\/\/loteriasabadell3.com#primaryimage"},"image":{"@id":"https:\/\/loteriasabadell3.com#primaryimage"},"thumbnailUrl":"http:\/\/loteriasabadell3.com\/wp-content\/uploads\/2024\/05\/banner7.png","datePublished":"2024-05-28T10:30:40+00:00","dateModified":"2024-05-29T12:31:57+00:00","description":"Administraci\u00f3n de Loter\u00eda de Sabadell especializada en la loter\u00eda de Navidad para empresas y asociaciones de Sabadell.","breadcrumb":{"@id":"https:\/\/loteriasabadell3.com#breadcrumb"},"inLanguage":"en-US","potentialAction":[{"@type":"ReadAction","target":["https:\/\/loteriasabadell3.com"]}]},{"@type":"ImageObject","inLanguage":"en-US","@id":"https:\/\/loteriasabadell3.com#primaryimage","url":"http:\/\/loteriasabadell3.com\/wp-content\/uploads\/2024\/05\/banner7.png","contentUrl":"http:\/\/loteriasabadell3.com\/wp-content\/uploads\/2024\/05\/banner7.png"},{"@type":"BreadcrumbList","@id":"https:\/\/loteriasabadell3.com#breadcrumb","itemListElement":[{"@type":"ListItem","position":1,"name":"Portada","item":"https:\/\/loteriasabadell3.com\/"},{"@type":"ListItem","position":2,"name":"Inicio"}]},{"@type":"WebSite","@id":"https:\/\/loteriasabadell3.com\/#website","url":"https:\/\/loteriasabadell3.com\/","name":"Loter\u00eda Sabadell n\u00ba 3","description":"Administraci\u00f3n de Loter\u00edas n\u00ba 3 de Sabadell","publisher":{"@id":"https:\/\/loteriasabadell3.com\/#organization"},"potentialAction":[{"@type":"SearchAction","target":{"@type":"EntryPoint","urlTemplate":"https:\/\/loteriasabadell3.com\/?s={search_term_string}"},"query-input":"required name=search_term_string"}],"inLanguage":"en-US"},{"@type":"Organization","@id":"https:\/\/loteriasabadell3.com\/#organization","name":"Loter\u00eda Sabadell n\u00ba 3","url":"https:\/\/loteriasabadell3.com\/","logo":{"@type":"ImageObject","inLanguage":"en-US","@id":"https:\/\/loteriasabadell3.com\/#\/schema\/logo\/image\/","url":"https:\/\/loteriasabadell3.com\/wp-content\/uploads\/2024\/05\/logo_loto_blanc.png","contentUrl":"https:\/\/loteriasabadell3.com\/wp-content\/uploads\/2024\/05\/logo_loto_blanc.png","width":403,"height":118,"caption":"Loter\u00eda Sabadell n\u00ba 3"},"image":{"@id":"https:\/\/loteriasabadell3.com\/#\/schema\/logo\/image\/"}}]}},"_links":{"self":[{"href":"https:\/\/loteriasabadell3.com\/en\/wp-json\/wp\/v2\/pages\/9","targetHints":{"allow":["GET"]}}],"collection":[{"href":"https:\/\/loteriasabadell3.com\/en\/wp-json\/wp\/v2\/pages"}],"about":[{"href":"https:\/\/loteriasabadell3.com\/en\/wp-json\/wp\/v2\/types\/page"}],"author":[{"embeddable":true,"href":"https:\/\/loteriasabadell3.com\/en\/wp-json\/wp\/v2\/users\/2"}],"replies":[{"embeddable":true,"href":"https:\/\/loteriasabadell3.com\/en\/wp-json\/wp\/v2\/comments?post=9"}],"version-history":[{"count":11,"href":"https:\/\/loteriasabadell3.com\/en\/wp-json\/wp\/v2\/pages\/9\/revisions"}],"predecessor-version":[{"id":76,"href":"https:\/\/loteriasabadell3.com\/en\/wp-json\/wp\/v2\/pages\/9\/revisions\/76"}],"wp:attachment":[{"href":"https:\/\/loteriasabadell3.com\/en\/wp-json\/wp\/v2\/media?parent=9"}],"curies":[{"name":"wp","href":"https:\/\/api.w.org\/{rel}","templated":true}]}}